{"id":164,"date":"2010-09-15T08:02:28","date_gmt":"2010-09-15T08:02:28","guid":{"rendered":"http:\/\/elegantthemes.com\/preview\/DeepFocus\/?page_id=164"},"modified":"2015-04-22T15:14:51","modified_gmt":"2015-04-22T15:14:51","slug":"redpro-quienes-somos","status":"publish","type":"page","link":"http:\/\/www.redpro.net\/web2\/redpro-quienes-somos\/","title":{"rendered":"Qui\u00e9nes somos"},"content":{"rendered":"<p><span style=\"color: #747474;\"><span style=\"font-family: Times-Roman, serif;\"><span style=\"font-size: large;\">\r\n\t\t<div class='et_quote quote-center'>\r\n\t\t\t<div class='et_right_quote'>\r\n\t\t\t\tRedpro es una compa\u00f1ia especializada en ofrecer soluciones y\u00a0tecnolog\u00eda para video vigilancia, control de personas, control de accesos y comunicaciones corporativas. Todas nuestras soluciones combinan productos de alta calidad y tecnolog\u00eda de avanzada, con el compromiso y talento humano que garantizan a nuestros clientes obtener el mayor valor por su inversi\u00f3n.\r\n\t\t\t\t<span class='et_quote_additional_sign'><\/span>\r\n\t\t\t<\/div>\r\n\t\t\t<span class='et_quote_sign'><\/span>\r\n\t\t<\/div>\r\n\t<\/span><\/span><\/span><br \/>\n<!--more--><\/p>\n<p>Todos nuestros productos son comercializados por\u00a0personal capaz de dar asesor\u00eda en la soluci\u00f3n m\u00e1s adecuada para cada necesidad. Adicionalmente, se ofrece garant\u00eda de f\u00e1brica y servicios t\u00e9cnicos posventa. Nuestro compromiso es acompa\u00f1ar y dar soporte de calidad a nuestros clientes en el largo plazo, de manera que nuestras soluciones ofrezcan la seguridad de una inversi\u00f3n duradera.<\/p>\n<p>Las relaciones y alianzas con fabricantes l\u00edderes a nivel mundial, son un activo estrat\u00e9gico que aporta valor y confianza en cada producto y soluci\u00f3n que brindamos a nuestros clientes. Para RedPro es muy importante el aprendizaje continuo y certificaci\u00f3n en cada producto que ofrecemos, as\u00ed como mantenerse actualizado con nuevas tecnolog\u00edas y tendencias de la industria.<\/p>\n<p>Contamos con oficinas centrales en Tegucigalpa y ofrecemos servicios t\u00e9cnicos a nivel nacional. Hemos desarrollado una diversidad de proyectos, desde instalaciones b\u00e1sicas residenciales, hasta sistemas con amplia infraestructura en complejos industriales, hoteles, centros de recreaci\u00f3n, agencias bancarias, centros comerciales, circuitos cerrados de viviendas\u00a0y muchos m\u00e1s.<\/p>\n<p><strong>\u00a0Nuestros valores<\/strong><\/p>\n<p>En RedPro creemos firmemente que cada acci\u00f3n debe ser ordenada y guiada por valores y par\u00e1metros, los cuales nos distinguen y aportan beneficios reales en cada relaci\u00f3n de negocios.<\/p>\n<p>A continuaci\u00f3n algunos de nuestros valores centrales:<\/p>\n<ul>\n<li>Integridad &#8211; Creemos que personas completas hacen trabajos completos y ofrecen soluciones completas.<\/li>\n<li>Honestidad &#8211; Promovemos la raz\u00f3n, justicia, rectitud y honradez en cada trato.<\/li>\n<li>Puntualidad &#8211; Procuramos con diligencia hacer las cosas en su debido tiempo.<\/li>\n<li>Veracidad &#8211; \u00a0Siempre hablamos con la verdad.<\/li>\n<\/ul>\n","protected":false},"excerpt":{"rendered":"","protected":false},"author":2,"featured_media":0,"parent":0,"menu_order":0,"comment_status":"open","ping_status":"closed","template":"page-full.php","meta":{"footnotes":""},"class_list":["post-164","page","type-page","status-publish","hentry"],"_links":{"self":[{"href":"http:\/\/www.redpro.net\/web2\/wp-json\/wp\/v2\/pages\/164","targetHints":{"allow":["GET"]}}],"collection":[{"href":"http:\/\/www.redpro.net\/web2\/wp-json\/wp\/v2\/pages"}],"about":[{"href":"http:\/\/www.redpro.net\/web2\/wp-json\/wp\/v2\/types\/page"}],"author":[{"embeddable":true,"href":"http:\/\/www.redpro.net\/web2\/wp-json\/wp\/v2\/users\/2"}],"replies":[{"embeddable":true,"href":"http:\/\/www.redpro.net\/web2\/wp-json\/wp\/v2\/comments?post=164"}],"version-history":[{"count":20,"href":"http:\/\/www.redpro.net\/web2\/wp-json\/wp\/v2\/pages\/164\/revisions"}],"predecessor-version":[{"id":1107,"href":"http:\/\/www.redpro.net\/web2\/wp-json\/wp\/v2\/pages\/164\/revisions\/1107"}],"wp:attachment":[{"href":"http:\/\/www.redpro.net\/web2\/wp-json\/wp\/v2\/media?parent=164"}],"curies":[{"name":"wp","href":"https:\/\/api.w.org\/{rel}","templated":true}]}}