{"id":668,"date":"2010-09-15T08:20:47","date_gmt":"2010-09-15T08:20:47","guid":{"rendered":"http:\/\/elegantthemes.com\/preview\/DeepFocus\/?page_id=233"},"modified":"2015-06-17T18:52:14","modified_gmt":"2015-06-17T18:52:14","slug":"control-de-acceso","status":"publish","type":"page","link":"http:\/\/www.redpro.net\/web2\/control-de-acceso\/","title":{"rendered":"Control de acceso"},"content":{"rendered":"<p>Controle de manera segura el acceso a \u00e1reas restringidas, mediante sistemas\u00a0para\u00a0la identificaci\u00f3n de personal autorizado. El control puede ser para uno o varios accesos (puertas), validando par\u00e1metros biom\u00e9tricos (huella dactilar, reconocimiento facial, etc.) y tambi\u00e9n otros dispositivos de proximidad como tarjetas o contrase\u00f1as.<br \/>\n<!--more--><\/p>\n\r\n\t\t<div class='et-simple-slider et_sliderfx_fade et_sliderauto_true et_sliderauto_speed_5000 et_slidertype_simple'>\r\n\t\t\t<div class='et-simple-slides'>\r\n\t\t\t\t<div class='et-tabs-content-wrapper'>\r\n\t\t\t\t\t<div class='et_slidecontent'>\r\n\t\t\t<a href=\"http:\/\/www.redpro.net\/web2\/wp-content\/uploads\/2015\/04\/Access1-web-banner.png\"><img loading=\"lazy\" decoding=\"async\" class=\"aligncenter size-full wp-image-1146\" src=\"http:\/\/www.redpro.net\/web2\/wp-content\/uploads\/2015\/04\/Access1-web-banner.png\" alt=\"Access1 web banner\" width=\"960\" height=\"200\" srcset=\"http:\/\/www.redpro.net\/web2\/wp-content\/uploads\/2015\/04\/Access1-web-banner.png 960w, http:\/\/www.redpro.net\/web2\/wp-content\/uploads\/2015\/04\/Access1-web-banner-300x63.png 300w, http:\/\/www.redpro.net\/web2\/wp-content\/uploads\/2015\/04\/Access1-web-banner-220x46.png 220w, http:\/\/www.redpro.net\/web2\/wp-content\/uploads\/2015\/04\/Access1-web-banner-187x39.png 187w, http:\/\/www.redpro.net\/web2\/wp-content\/uploads\/2015\/04\/Access1-web-banner-453x94.png 453w\" sizes=\"auto, (max-width: 960px) 100vw, 960px\" \/><\/a>\r\n\t\t<\/div> \r\n\t\t<div class='et_slidecontent'>\r\n\t\t\t<p><img loading=\"lazy\" decoding=\"async\" class=\"aligncenter size-full wp-image-1149\" src=\"http:\/\/www.redpro.net\/web2\/wp-content\/uploads\/2010\/09\/Access2-web-banner.png\" alt=\"Access2 web banner\" width=\"960\" height=\"200\" srcset=\"http:\/\/www.redpro.net\/web2\/wp-content\/uploads\/2010\/09\/Access2-web-banner.png 960w, http:\/\/www.redpro.net\/web2\/wp-content\/uploads\/2010\/09\/Access2-web-banner-300x63.png 300w, http:\/\/www.redpro.net\/web2\/wp-content\/uploads\/2010\/09\/Access2-web-banner-220x46.png 220w, http:\/\/www.redpro.net\/web2\/wp-content\/uploads\/2010\/09\/Access2-web-banner-187x39.png 187w, http:\/\/www.redpro.net\/web2\/wp-content\/uploads\/2010\/09\/Access2-web-banner-453x94.png 453w\" sizes=\"auto, (max-width: 960px) 100vw, 960px\" \/><\/p>\r\n\t\t<\/div>\r\n\t\t\t\t<\/div>\r\n\t\t\t<\/div>\r\n\t\t<\/div> <!-- .et-simple-slider -->\r\n\t\t\n\r\n\t\t\t<div class='et-tabs-container et_sliderfx_fade et_sliderauto_false et_sliderauto_speed_5000 et_slidertype_top_tabs'>\r\n\t\t\t\t<ul class='et-tabs-control'>\r\n\t\t\t<li><a href='#'>\r\n\t\t\tControl de Acceso\r\n\t\t<\/a><\/li> \r\n\t\t<li><a href='#'>\r\n\t\t\tEquipos Aut\u00f3nomos\r\n\t\t<\/a><\/li> \r\n\t\t<li><a href='#'>\r\n\t\t\tAcceso y Asistencia\r\n\t\t<\/a><\/li> \r\n\t\t<li><a href='#'>\r\n\t\t\tBrochurs\r\n\t\t<\/a><\/li>\r\n\t\t<\/ul> <!-- .et-tabs-control --> \r\n\t\t<div class='et-tabs-content'>\r\n\t\t\t<div class='et-tabs-content-main-wrap'>\r\n\t\t\t\t<div class='et-tabs-content-wrapper'>\r\n\t\t\t\t\t<div class='et_slidecontent'>\r\n\t\t\t<div class='one_third'>\r\n\t\t\t\t\t<p><a href=\"http:\/\/www.redpro.net\/web2\/wp-content\/uploads\/2010\/09\/Sysca-web.png\"><img loading=\"lazy\" decoding=\"async\" class=\"alignnone size-full wp-image-1406\" src=\"http:\/\/www.redpro.net\/web2\/wp-content\/uploads\/2010\/09\/Sysca-web.png\" alt=\"Sysca web\" width=\"267\" height=\"267\" srcset=\"http:\/\/www.redpro.net\/web2\/wp-content\/uploads\/2010\/09\/Sysca-web.png 267w, http:\/\/www.redpro.net\/web2\/wp-content\/uploads\/2010\/09\/Sysca-web-150x150.png 150w, http:\/\/www.redpro.net\/web2\/wp-content\/uploads\/2010\/09\/Sysca-web-220x220.png 220w, http:\/\/www.redpro.net\/web2\/wp-content\/uploads\/2010\/09\/Sysca-web-75x75.png 75w, http:\/\/www.redpro.net\/web2\/wp-content\/uploads\/2010\/09\/Sysca-web-187x187.png 187w, http:\/\/www.redpro.net\/web2\/wp-content\/uploads\/2010\/09\/Sysca-web-184x184.png 184w\" sizes=\"auto, (max-width: 267px) 100vw, 267px\" \/><\/a><\/p>\r\n\t\t\t\t<\/div><div class='one_third'>\r\n\t\t\t\t\t<p><strong>Serie SYSCA<\/strong><\/p>\n<p>Ideales para aplicaciones de control de acceso en puertas y\/o torniquetes <strong>con uso de tarjetas de proximidad o contrase\u00f1as<\/strong>, adem\u00e1s de ser compatibles con lectores de largo alcance y barreras veh\u00edculares. Incluyen plataforma web para administraci\u00f3n remota y monitoreo en tiempo real.<\/p>\r\n\t\t\t\t<\/div><div class='one_third last'>\r\n\t\t\t\t\t<div class='et-custom-list etlist-check'>\r\n\t\t\t<ul>\n<li>Almacena 30,000 tarjetas, 30,000 contrase\u00f1as, 100,000 eventos<\/li>\n<li>Capacidad expandible con memoria SD<\/li>\n<li>Comunicaci\u00f3n por red TCP\/IP y RS-485<\/li>\n<li>Entradas y salidas de alarma configurables<\/li>\n<li>Fuente de poder compatible con respaldo de energ\u00eda<\/li>\n<\/ul>\r\n\t\t<\/div> <!-- .et-custom-list -->\r\n\t\t\t\t<\/div><div class='clear'><\/div><\/p>\n<hr \/>\n<p>&nbsp;<\/p>\n<div class='one_third'>\r\n\t\t\t\t\t<p><img loading=\"lazy\" decoding=\"async\" class=\"alignnone size-full wp-image-1407\" src=\"http:\/\/www.redpro.net\/web2\/wp-content\/uploads\/2010\/09\/APX-web.png\" alt=\"APX web\" width=\"267\" height=\"267\" srcset=\"http:\/\/www.redpro.net\/web2\/wp-content\/uploads\/2010\/09\/APX-web.png 267w, http:\/\/www.redpro.net\/web2\/wp-content\/uploads\/2010\/09\/APX-web-150x150.png 150w, http:\/\/www.redpro.net\/web2\/wp-content\/uploads\/2010\/09\/APX-web-220x220.png 220w, http:\/\/www.redpro.net\/web2\/wp-content\/uploads\/2010\/09\/APX-web-75x75.png 75w, http:\/\/www.redpro.net\/web2\/wp-content\/uploads\/2010\/09\/APX-web-187x187.png 187w, http:\/\/www.redpro.net\/web2\/wp-content\/uploads\/2010\/09\/APX-web-184x184.png 184w\" sizes=\"auto, (max-width: 267px) 100vw, 267px\" \/><\/p>\r\n\t\t\t\t<\/div><div class='one_third'>\r\n\t\t\t\t\t<p><strong>Serie APX<\/strong><\/p>\n<p>Controladores de acceso <strong>biom\u00e9tricos<\/strong> compatibles con lectores para verificaci\u00f3n por huella dactilar, tarjetas de proximidad, contrase\u00f1a, RFID de largo alcance.<\/p>\n<p>Permiten administraci\u00f3n remota y monitoreo en tiempo real, mediante plataforma web o software de control para PC. Tienen capacidad para configurar grupos de acceso y soportan modalidades avanzadas de esclusamiento.<\/p>\r\n\t\t\t\t<\/div><div class='one_third last'>\r\n\t\t\t\t\t<div class='et-custom-list etlist-check'>\r\n\t\t\t<ul>\n<li>Compatible con lectores biom\u00e9tricos<\/li>\n<li>Envio de notificaciones por email<\/li>\n<li>Almacena 30,000 tarjetas, 30,000 contrase\u00f1as, 100,000 eventos<\/li>\n<li>Capacidad expandible con memoria SD<\/li>\n<li>Comunicaci\u00f3n por red TCP\/IP y RS-485<\/li>\n<li>Entradas y salidas de alarma configurables<\/li>\n<li>Fuente de poder compatible con respaldo de energ\u00eda<\/li>\n<\/ul>\r\n\t\t<\/div> <!-- .et-custom-list -->\r\n\t\t\t\t<\/div><div class='clear'><\/div><\/p>\r\n\t\t<\/div> \r\n\t\t<div class='et_slidecontent'>\r\n\t\t\t<div class='one_fourth'>\r\n\t\t\t\t\t<p><img loading=\"lazy\" decoding=\"async\" class=\"aligncenter size-full wp-image-1404\" src=\"http:\/\/www.redpro.net\/web2\/wp-content\/uploads\/2010\/09\/ACF44-web11.png\" alt=\"ACF44 web1\" width=\"267\" height=\"334\" srcset=\"http:\/\/www.redpro.net\/web2\/wp-content\/uploads\/2010\/09\/ACF44-web11.png 267w, http:\/\/www.redpro.net\/web2\/wp-content\/uploads\/2010\/09\/ACF44-web11-240x300.png 240w, http:\/\/www.redpro.net\/web2\/wp-content\/uploads\/2010\/09\/ACF44-web11-220x275.png 220w, http:\/\/www.redpro.net\/web2\/wp-content\/uploads\/2010\/09\/ACF44-web11-187x234.png 187w\" sizes=\"auto, (max-width: 267px) 100vw, 267px\" \/><\/p>\r\n\t\t\t\t<\/div><div class='one_fourth'>\r\n\t\t\t\t\t<p>El modelo <strong>ACF44<\/strong> de Rosslare es un robusto control de acceso autonomo para aplicaciones de una puerta. Cuenta con lector para tarjetas de proximidad y teclado n\u00famerico para ingreso de contrase\u00f1a.<\/p>\r\n\t\t\t\t<\/div><div class='one_fourth'>\r\n\t\t\t\t\t<p><img loading=\"lazy\" decoding=\"async\" class=\"aligncenter size-full wp-image-1402\" src=\"http:\/\/www.redpro.net\/web2\/wp-content\/uploads\/2010\/09\/X7-web1.png\" alt=\"X7 web1\" width=\"267\" height=\"334\" srcset=\"http:\/\/www.redpro.net\/web2\/wp-content\/uploads\/2010\/09\/X7-web1.png 267w, http:\/\/www.redpro.net\/web2\/wp-content\/uploads\/2010\/09\/X7-web1-240x300.png 240w, http:\/\/www.redpro.net\/web2\/wp-content\/uploads\/2010\/09\/X7-web1-220x275.png 220w, http:\/\/www.redpro.net\/web2\/wp-content\/uploads\/2010\/09\/X7-web1-187x234.png 187w\" sizes=\"auto, (max-width: 267px) 100vw, 267px\" \/><\/p>\r\n\t\t\t\t<\/div><div class='one_fourth last'>\r\n\t\t\t\t\t<p>El equipo <strong>X7<\/strong> es un est\u00e9tico y compacto lector biom\u00e9trico con sensor de huella dactilar, lector de proximidad y teclado. Cuenta con conexiones para cerradura, bot\u00f3n de salida, sensor de puerta, timbre y salida de alarma.<\/p>\r\n\t\t\t\t<\/div><div class='clear'><\/div><\/p>\r\n\t\t<\/div><\/p>\n\r\n\t\t<div class='et_slidecontent'>\r\n\t\t\t<div class='one_third'>\r\n\t\t\t\t\t<p><img loading=\"lazy\" decoding=\"async\" class=\"aligncenter size-full wp-image-1384\" src=\"http:\/\/www.redpro.net\/web2\/wp-content\/uploads\/2010\/09\/F19-web1.png\" alt=\"F19 web1\" width=\"167\" height=\"267\" \/><\/p>\r\n\t\t\t\t<\/div>\n<div class='one_third'>\r\n\t\t\t\t\t<p>El F19 es un lector biom\u00e9trico para soluciones de control de accesos y de personal con posibilidad de manejar la apertura de una puerta.<\/p>\n<p>Su pantalla TFT Color permite administrarlo de una manera \u00f3ptima y sencilla. Su velocidad de operaci\u00f3n es menor a 2 segundos y permite registrar los accesos mediante tres opciones: huella dactilar, tarjetas de proximidad y contrase\u00f1a.<\/p>\r\n\t\t\t\t<\/div>\n<div class='one_third last'>\r\n\t\t\t\t\t<div class='et-custom-list etlist-check'>\r\n\t\t\t<ul>\n<li>Almacena 3,000 huellas, 10,000 tarjetas y 30,000 eventos<\/li>\n<li>Puerto de red para acceso remoto TCP\/IP<\/li>\n<li>Puerto USB para conexi\u00f3n local a PC<\/li>\n<li>Programaci\u00f3n directa o por software<\/li>\n<li>Ideal para control de acceso, tiempo y asistencia<\/li>\n<\/ul>\r\n\t\t<\/div> <!-- .et-custom-list -->\r\n\t\t\t\t<\/div><div class='clear'><\/div>\r\n\t\t<\/div> \r\n\t\t<div class='et_slidecontent'>\r\n\t\t\t<p>Para descargar informaci\u00f3n del producto haga click en el siguiente bot\u00f3n:<\/p>\n<a href='http:\/\/www.redpro.net\/descargas\/X7_Redpro_brochur.pdf' class='icon-button download-icon'>Control de Acceso Autonomo X7<span class='et-icon'><\/span><\/a>\n<p>Si desea m\u00e1s informaci\u00f3n o necesita cotizar el producto, puede contactarnos haciendo click <a title=\"Contacto\" href=\"http:\/\/www.redpro.net\/web2\/contacto\/\">aqu\u00ed<\/a><\/p>\r\n\t\t<\/div>\r\n\t\t\t\t<\/div>\r\n\t\t\t<\/div>\r\n\t\t<\/div>\r\n\t\t\t<\/div> <!-- .et-tabs-container -->\n","protected":false},"excerpt":{"rendered":"<p>Controle de manera segura el acceso a \u00e1reas restringidas, mediante sistemas\u00a0para\u00a0la identificaci\u00f3n de personal autorizado. El control puede ser para uno o varios accesos (puertas), validando par\u00e1metros biom\u00e9tricos (huella dactilar, reconocimiento facial, etc.) y tambi\u00e9n otros dispositivos de proximidad como tarjetas o contrase\u00f1as.<\/p>\n","protected":false},"author":2,"featured_media":903,"parent":0,"menu_order":2,"comment_status":"open","ping_status":"open","template":"page-full.php","meta":{"footnotes":""},"class_list":["post-668","page","type-page","status-publish","has-post-thumbnail","hentry"],"_links":{"self":[{"href":"http:\/\/www.redpro.net\/web2\/wp-json\/wp\/v2\/pages\/668","targetHints":{"allow":["GET"]}}],"collection":[{"href":"http:\/\/www.redpro.net\/web2\/wp-json\/wp\/v2\/pages"}],"about":[{"href":"http:\/\/www.redpro.net\/web2\/wp-json\/wp\/v2\/types\/page"}],"author":[{"embeddable":true,"href":"http:\/\/www.redpro.net\/web2\/wp-json\/wp\/v2\/users\/2"}],"replies":[{"embeddable":true,"href":"http:\/\/www.redpro.net\/web2\/wp-json\/wp\/v2\/comments?post=668"}],"version-history":[{"count":67,"href":"http:\/\/www.redpro.net\/web2\/wp-json\/wp\/v2\/pages\/668\/revisions"}],"predecessor-version":[{"id":1442,"href":"http:\/\/www.redpro.net\/web2\/wp-json\/wp\/v2\/pages\/668\/revisions\/1442"}],"wp:featuredmedia":[{"embeddable":true,"href":"http:\/\/www.redpro.net\/web2\/wp-json\/wp\/v2\/media\/903"}],"wp:attachment":[{"href":"http:\/\/www.redpro.net\/web2\/wp-json\/wp\/v2\/media?parent=668"}],"curies":[{"name":"wp","href":"https:\/\/api.w.org\/{rel}","templated":true}]}}