{"id":724,"date":"2010-09-15T05:33:46","date_gmt":"2010-09-15T05:33:46","guid":{"rendered":"http:\/\/elegantthemes.com\/preview\/DeepFocus\/?page_id=2"},"modified":"2015-06-18T04:34:42","modified_gmt":"2015-06-18T04:34:42","slug":"video-vigilancia-cctv","status":"publish","type":"page","link":"http:\/\/www.redpro.net\/web2\/video-vigilancia-cctv\/","title":{"rendered":"Video vigilancia"},"content":{"rendered":"<p>Contamos con sistemas que se ajustan a diversas necesidades. Todas las soluciones pueden ser monitoreadas desde un dispositivo m\u00f3vil o una PC. Capaces de mostrar\u00a0im\u00e1genes de alta calidad, facilitando el control y vigilancia, de forma econ\u00f3mica y confiable.\u00a0Todas las soluciones cuentan con grabaci\u00f3n y almacenamiento de videos.<\/p>\n<p><!--more--><\/p>\n\r\n\t\t<div class='et-simple-slider et_sliderfx_fade et_sliderauto_true et_sliderauto_speed_5000 et_slidertype_simple'>\r\n\t\t\t<div class='et-simple-slides'>\r\n\t\t\t\t<div class='et-tabs-content-wrapper'>\r\n\t\t\t\t\t<div class='et_slidecontent'>\r\n\t\t\t<img loading=\"lazy\" decoding=\"async\" class=\"aligncenter size-full wp-image-1141\" src=\"http:\/\/www.redpro.net\/web2\/wp-content\/uploads\/2010\/09\/CAM1-web-banner.png\" alt=\"CAM1 web banner\" width=\"960\" height=\"200\" srcset=\"http:\/\/www.redpro.net\/web2\/wp-content\/uploads\/2010\/09\/CAM1-web-banner.png 960w, http:\/\/www.redpro.net\/web2\/wp-content\/uploads\/2010\/09\/CAM1-web-banner-300x63.png 300w, http:\/\/www.redpro.net\/web2\/wp-content\/uploads\/2010\/09\/CAM1-web-banner-220x46.png 220w, http:\/\/www.redpro.net\/web2\/wp-content\/uploads\/2010\/09\/CAM1-web-banner-187x39.png 187w, http:\/\/www.redpro.net\/web2\/wp-content\/uploads\/2010\/09\/CAM1-web-banner-453x94.png 453w\" sizes=\"auto, (max-width: 960px) 100vw, 960px\" \/><\/p>\r\n\t\t<\/div> \r\n\t\t<div class='et_slidecontent'>\r\n\t\t\t<img loading=\"lazy\" decoding=\"async\" class=\"aligncenter size-full wp-image-1125\" src=\"http:\/\/www.redpro.net\/web2\/wp-content\/uploads\/2010\/09\/CAM2-web-banner.png\" alt=\"CAM2 web banner\" width=\"960\" height=\"200\" srcset=\"http:\/\/www.redpro.net\/web2\/wp-content\/uploads\/2010\/09\/CAM2-web-banner.png 960w, http:\/\/www.redpro.net\/web2\/wp-content\/uploads\/2010\/09\/CAM2-web-banner-300x63.png 300w, http:\/\/www.redpro.net\/web2\/wp-content\/uploads\/2010\/09\/CAM2-web-banner-220x46.png 220w, http:\/\/www.redpro.net\/web2\/wp-content\/uploads\/2010\/09\/CAM2-web-banner-187x39.png 187w, http:\/\/www.redpro.net\/web2\/wp-content\/uploads\/2010\/09\/CAM2-web-banner-453x94.png 453w\" sizes=\"auto, (max-width: 960px) 100vw, 960px\" \/>\r\n\t\t<\/div>\r\n\t\t\t\t<\/div>\r\n\t\t\t<\/div>\r\n\t\t<\/div> <!-- .et-simple-slider -->\r\n\t\t\n\r\n\t\t\t<div class='et-tabs-container et_sliderfx_fade et_sliderauto_false et_sliderauto_speed_5000 et_slidertype_top_tabs'>\r\n\t\t\t\t<ul class='et-tabs-control'>\r\n\t\t\t<li><a href='#'>\r\n\t\t\tTecnolog\u00eda TURBO HD\r\n\t\t<\/a><\/li> \r\n\t\t<li><a href='#'>\r\n\t\t\tTecnolog\u00eda IP MegaPixel\r\n\t\t<\/a><\/li> \r\n\t\t<li><a href='#'>\r\n\t\t\tVideos\r\n\t\t<\/a><\/li> \r\n\t\t<li><a href='#'>\r\n\t\t\tBrochurs\r\n\t\t<\/a><\/li>\r\n\t\t<\/ul> <!-- .et-tabs-control --><\/p>\n<p>\r\n\t\t<div class='et-tabs-content'>\r\n\t\t\t<div class='et-tabs-content-main-wrap'>\r\n\t\t\t\t<div class='et-tabs-content-wrapper'>\r\n\t\t\t\t\t<div class='et_slidecontent'>\r\n\t\t\t<div class='one_half'>\r\n\t\t\t\t\t<p><span style=\"color: #262626;\"><span style=\"font-family: Georgia,serif;\"><span style=\"font-size: large;\"><strong><span style=\"color: #b22222;\"><span style=\"font-size: large;\">\u00bfQu\u00e9 es TurboHD (TVI)?<\/span><\/span><\/strong><\/span><\/span><\/span><\/p>\n<p><span style=\"color: #262626;\"><span style=\"font-family: Georgia,serif;\"><span style=\"font-size: large;\">TurboHD son c\u00e1maras y sistemas de grabaci\u00f3n<strong> Full HD<\/strong> que pueden ser instalados con cable coaxial o UTP de la misma forma que un sistema anal\u00f3gico.<\/span><\/span><\/span><\/p>\n<p>Los grabadores pueden grabar c\u00e1maras IP, TurboHD y anal\u00f3gicas, permitiendo actualizar sistemas y agregar c\u00e1maras de alta definici\u00f3n a zonas cr\u00edticas.<\/p>\r\n\t\t\t\t<\/div><div class='one_half last'>\r\n\t\t\t\t\t<p><img loading=\"lazy\" decoding=\"async\" class=\"aligncenter size-full wp-image-1344\" src=\"http:\/\/www.redpro.net\/web2\/wp-content\/uploads\/2010\/09\/CamHD-Web-400x200.png\" alt=\"CamHD Web 400x200\" width=\"533\" height=\"267\" srcset=\"http:\/\/www.redpro.net\/web2\/wp-content\/uploads\/2010\/09\/CamHD-Web-400x200.png 533w, http:\/\/www.redpro.net\/web2\/wp-content\/uploads\/2010\/09\/CamHD-Web-400x200-300x150.png 300w, http:\/\/www.redpro.net\/web2\/wp-content\/uploads\/2010\/09\/CamHD-Web-400x200-220x110.png 220w, http:\/\/www.redpro.net\/web2\/wp-content\/uploads\/2010\/09\/CamHD-Web-400x200-187x94.png 187w, http:\/\/www.redpro.net\/web2\/wp-content\/uploads\/2010\/09\/CamHD-Web-400x200-453x227.png 453w\" sizes=\"auto, (max-width: 533px) 100vw, 533px\" \/><\/p>\r\n\t\t\t\t<\/div><div class='clear'><\/div><\/p>\n<p><img loading=\"lazy\" decoding=\"async\" class=\"aligncenter size-full wp-image-1317\" src=\"http:\/\/www.redpro.net\/web2\/wp-content\/uploads\/2010\/09\/Comparacion-TurboHD.png\" alt=\"Comparacion TurboHD\" width=\"880\" height=\"909\" srcset=\"http:\/\/www.redpro.net\/web2\/wp-content\/uploads\/2010\/09\/Comparacion-TurboHD.png 880w, http:\/\/www.redpro.net\/web2\/wp-content\/uploads\/2010\/09\/Comparacion-TurboHD-290x300.png 290w, http:\/\/www.redpro.net\/web2\/wp-content\/uploads\/2010\/09\/Comparacion-TurboHD-220x227.png 220w, http:\/\/www.redpro.net\/web2\/wp-content\/uploads\/2010\/09\/Comparacion-TurboHD-187x193.png 187w, http:\/\/www.redpro.net\/web2\/wp-content\/uploads\/2010\/09\/Comparacion-TurboHD-453x468.png 453w\" sizes=\"auto, (max-width: 880px) 100vw, 880px\" \/><\/p>\n<div class='one_half'>\r\n\t\t\t\t\t<p>La tecnolog\u00eda <strong>TurboHD (<span class=\"il\">HD<\/span>-TVI)<\/strong> funciona con ambos tipos de cableado, lo que significa que no batallar\u00e1 con la elecci\u00f3n de cable para cada aplicaci\u00f3n y sin importar si utiliza c\u00e1maras TurboHD, IP, o anal\u00f3gicas.<\/p>\n<p><span style=\"color: #262626;\"><span style=\"font-family: Georgia,serif;\"><span style=\"font-size: large;\">Sistema tribrido | Conecte c\u00e1maras anal\u00f3gicas, IP y Turbo HD en un mismo grabador.<\/span><\/span><\/span><\/p>\n<p>Sin importar si las c\u00e1maras son TurboHD, anal\u00f3gicas o IP, las DVR de esta serie las manejan de igual forma, reciben y graban el video proveniente de las c\u00e1maras en la mayor resoluci\u00f3n.<\/p>\n<p><a href=\"http:\/\/www.redpro.net\/web2\/wp-content\/uploads\/2010\/09\/Conexiones-250m.jpg\"><img loading=\"lazy\" decoding=\"async\" class=\"aligncenter size-full wp-image-1321\" src=\"http:\/\/www.redpro.net\/web2\/wp-content\/uploads\/2010\/09\/Conexiones-250m.jpg\" alt=\"Conexiones 250m\" width=\"880\" height=\"278\" srcset=\"http:\/\/www.redpro.net\/web2\/wp-content\/uploads\/2010\/09\/Conexiones-250m.jpg 880w, http:\/\/www.redpro.net\/web2\/wp-content\/uploads\/2010\/09\/Conexiones-250m-300x95.jpg 300w, http:\/\/www.redpro.net\/web2\/wp-content\/uploads\/2010\/09\/Conexiones-250m-220x70.jpg 220w, http:\/\/www.redpro.net\/web2\/wp-content\/uploads\/2010\/09\/Conexiones-250m-187x59.jpg 187w, http:\/\/www.redpro.net\/web2\/wp-content\/uploads\/2010\/09\/Conexiones-250m-453x143.jpg 453w\" sizes=\"auto, (max-width: 880px) 100vw, 880px\" \/><\/a><a href=\"http:\/\/www.redpro.net\/web2\/wp-content\/uploads\/2010\/09\/conexiones-500m.jpg\"><img loading=\"lazy\" decoding=\"async\" class=\"aligncenter size-full wp-image-1322\" src=\"http:\/\/www.redpro.net\/web2\/wp-content\/uploads\/2010\/09\/conexiones-500m.jpg\" alt=\"conexiones 500m\" width=\"880\" height=\"255\" srcset=\"http:\/\/www.redpro.net\/web2\/wp-content\/uploads\/2010\/09\/conexiones-500m.jpg 880w, http:\/\/www.redpro.net\/web2\/wp-content\/uploads\/2010\/09\/conexiones-500m-300x87.jpg 300w, http:\/\/www.redpro.net\/web2\/wp-content\/uploads\/2010\/09\/conexiones-500m-220x64.jpg 220w, http:\/\/www.redpro.net\/web2\/wp-content\/uploads\/2010\/09\/conexiones-500m-187x54.jpg 187w, http:\/\/www.redpro.net\/web2\/wp-content\/uploads\/2010\/09\/conexiones-500m-453x131.jpg 453w\" sizes=\"auto, (max-width: 880px) 100vw, 880px\" \/><\/a>\r\n\t\t\t\t<\/div>\n<div class='one_half last'>\r\n\t\t\t\t\t<p><img loading=\"lazy\" decoding=\"async\" class=\"aligncenter size-full wp-image-1342\" src=\"http:\/\/www.redpro.net\/web2\/wp-content\/uploads\/2010\/09\/CamHD-Web-400x600.png\" alt=\"CamHD Web 400x600\" width=\"400\" height=\"600\" srcset=\"http:\/\/www.redpro.net\/web2\/wp-content\/uploads\/2010\/09\/CamHD-Web-400x600.png 400w, http:\/\/www.redpro.net\/web2\/wp-content\/uploads\/2010\/09\/CamHD-Web-400x600-200x300.png 200w, http:\/\/www.redpro.net\/web2\/wp-content\/uploads\/2010\/09\/CamHD-Web-400x600-220x330.png 220w, http:\/\/www.redpro.net\/web2\/wp-content\/uploads\/2010\/09\/CamHD-Web-400x600-187x281.png 187w\" sizes=\"auto, (max-width: 400px) 100vw, 400px\" \/><\/p>\r\n\t\t\t\t<\/div><div class='clear'><\/div>\r\n\t\t<\/div><\/p>\n\r\n\t\t<div class='et_slidecontent'>\r\n\t\t\t<div class='one_half'>\r\n\t\t\t\t\t<p><span class='et-dropcap' style=\"font-size: 60px; color: #9b9b9b;\">L<\/span>a <strong>tecnolog\u00eda IP<\/strong> aplicada a video vigilancia ofrece resoluci\u00f3n de calidad <strong>megapixel<\/strong>, con lo que se logra mejor identificaci\u00f3n de art\u00edculos o personas y mayor detalle con evidencia superior de procesos.<\/p>\n<p>Los sistemas de videovigilancia IP son la norma para instalaciones profesionales, ya que satisfacen los requerimientos de imagenes con alto nivel de detalle, equipos robustos para almacenamiento de evidencias y estabilidad excepcional de operaci\u00f3n.<\/p>\r\n\t\t\t\t<\/div><\/p>\n<div class='one_half last'>\r\n\t\t\t\t\t<p><img loading=\"lazy\" decoding=\"async\" class=\"aligncenter size-full wp-image-1346\" src=\"http:\/\/www.redpro.net\/web2\/wp-content\/uploads\/2010\/09\/CamIP-Web-400x200.png\" alt=\"CamIP Web 400x200\" width=\"533\" height=\"267\" srcset=\"http:\/\/www.redpro.net\/web2\/wp-content\/uploads\/2010\/09\/CamIP-Web-400x200.png 533w, http:\/\/www.redpro.net\/web2\/wp-content\/uploads\/2010\/09\/CamIP-Web-400x200-300x150.png 300w, http:\/\/www.redpro.net\/web2\/wp-content\/uploads\/2010\/09\/CamIP-Web-400x200-220x110.png 220w, http:\/\/www.redpro.net\/web2\/wp-content\/uploads\/2010\/09\/CamIP-Web-400x200-187x94.png 187w, http:\/\/www.redpro.net\/web2\/wp-content\/uploads\/2010\/09\/CamIP-Web-400x200-453x227.png 453w\" sizes=\"auto, (max-width: 533px) 100vw, 533px\" \/><\/p>\r\n\t\t\t\t<\/div><div class='clear'><\/div>\n<div class='one_half'>\r\n\t\t\t\t\t<p><img loading=\"lazy\" decoding=\"async\" class=\"aligncenter size-full wp-image-1143\" src=\"http:\/\/www.redpro.net\/web2\/wp-content\/uploads\/2010\/09\/CamIP-Web-400x600.png\" alt=\"CamIP Web 400x600\" width=\"400\" height=\"600\" srcset=\"http:\/\/www.redpro.net\/web2\/wp-content\/uploads\/2010\/09\/CamIP-Web-400x600.png 400w, http:\/\/www.redpro.net\/web2\/wp-content\/uploads\/2010\/09\/CamIP-Web-400x600-200x300.png 200w, http:\/\/www.redpro.net\/web2\/wp-content\/uploads\/2010\/09\/CamIP-Web-400x600-220x330.png 220w, http:\/\/www.redpro.net\/web2\/wp-content\/uploads\/2010\/09\/CamIP-Web-400x600-187x281.png 187w\" sizes=\"auto, (max-width: 400px) 100vw, 400px\" \/><\/p>\r\n\t\t\t\t<\/div>\n<div class='one_half last'>\r\n\t\t\t\t\t<p><strong>Soluciones confiables con soporte y garant\u00eda profesional<\/strong><\/p>\n<p>Redpro ofrece amplia experiencia y una gama completa de productos para proveer soluciones integrales de vigilancia IP.<\/p>\n<p>La linea profesional megapixel consta de equipos y perif\u00e9ricos para videovigilancia IP como lo son:<\/p>\n\r\n\t\t<div class='et-custom-list etlist-check'>\r\n\t\t\t<ul>\n<li>C\u00e1maras tipo bala lente fijo y varifocal<\/li>\n<li>C\u00e1maras tipo domo y mini domos<\/li>\n<li>Grabadores NVR<\/li>\n<li>C\u00e1maras domo PTZ<\/li>\n<li>Sistemas de almacenamiento NAS<\/li>\n<li>Switches y accesorios POE<\/li>\n<li>C\u00e1maras hemisf\u00e9ricas con cobertura de 180 y 360 grados<\/li>\n<li>Cableado y accesorios para redes LAN de alta disponiblidad<\/li>\n<\/ul>\r\n\t\t<\/div> <!-- .et-custom-list -->\n<p><strong>Consulte con nuestros expertos en soluciones IP!<\/strong><\/p>\n<p><span class='et-dropcap' style=\"font-size: 60px; color: #9b9b9b;\">R<\/span>eciba asesoria profesional y soluciones de personal capacitado, con respaldo de los fabricantes m\u00e1s importantes a nivel mundial.<\/p>\r\n\t\t\t\t<\/div><div class='clear'><\/div>\r\n\t\t<\/div>\n\r\n\t\t<div class='et_slidecontent'>\r\n\t\t\tSecci\u00f3n de videos en construcci\u00f3n.\r\n\t\t<\/div>\n\r\n\t\t<div class='et_slidecontent'>\r\n\t\t\t<p>Para descargar informaci\u00f3n del producto haga click en el siguiente bot\u00f3n:<\/p>\n<a href='http:\/\/www.redpro.net\/descargas\/VideoVigilanciaHD_Redpro_Brochur.pdf' class='icon-button download-icon'>VidegoVigilancia TurboHD<span class='et-icon'><\/span><\/a>\n<p>Si desea m\u00e1s informaci\u00f3n o necesita cotizar el producto, puede contactarnos haciendo click <a title=\"Contacto\" href=\"http:\/\/www.redpro.net\/web2\/contacto\/\">aqu\u00ed<\/a><\/p>\r\n\t\t<\/div>\r\n\t\t\t\t<\/div>\r\n\t\t\t<\/div>\r\n\t\t<\/div>\r\n\t\t\t<\/div> <!-- .et-tabs-container -->\n<p>&nbsp;<\/p>\n","protected":false},"excerpt":{"rendered":"<p>Contamos con sistemas que se ajustan a diversas necesidades. Todas las soluciones pueden ser monitoreadas desde un dispositivo m\u00f3vil o una PC. Capaces de mostrar\u00a0im\u00e1genes de alta calidad, facilitando el control y vigilancia, de forma econ\u00f3mica y confiable.\u00a0Todas las soluciones cuentan con grabaci\u00f3n y almacenamiento de videos.<\/p>\n","protected":false},"author":2,"featured_media":1237,"parent":0,"menu_order":0,"comment_status":"open","ping_status":"open","template":"page-full.php","meta":{"footnotes":""},"class_list":["post-724","page","type-page","status-publish","has-post-thumbnail","hentry"],"_links":{"self":[{"href":"http:\/\/www.redpro.net\/web2\/wp-json\/wp\/v2\/pages\/724","targetHints":{"allow":["GET"]}}],"collection":[{"href":"http:\/\/www.redpro.net\/web2\/wp-json\/wp\/v2\/pages"}],"about":[{"href":"http:\/\/www.redpro.net\/web2\/wp-json\/wp\/v2\/types\/page"}],"author":[{"embeddable":true,"href":"http:\/\/www.redpro.net\/web2\/wp-json\/wp\/v2\/users\/2"}],"replies":[{"embeddable":true,"href":"http:\/\/www.redpro.net\/web2\/wp-json\/wp\/v2\/comments?post=724"}],"version-history":[{"count":94,"href":"http:\/\/www.redpro.net\/web2\/wp-json\/wp\/v2\/pages\/724\/revisions"}],"predecessor-version":[{"id":1446,"href":"http:\/\/www.redpro.net\/web2\/wp-json\/wp\/v2\/pages\/724\/revisions\/1446"}],"wp:featuredmedia":[{"embeddable":true,"href":"http:\/\/www.redpro.net\/web2\/wp-json\/wp\/v2\/media\/1237"}],"wp:attachment":[{"href":"http:\/\/www.redpro.net\/web2\/wp-json\/wp\/v2\/media?parent=724"}],"curies":[{"name":"wp","href":"https:\/\/api.w.org\/{rel}","templated":true}]}}