{"id":906,"date":"2015-03-08T05:24:38","date_gmt":"2015-03-08T05:24:38","guid":{"rendered":"http:\/\/www.redpro.net\/web2\/?page_id=906"},"modified":"2015-06-17T18:50:11","modified_gmt":"2015-06-17T18:50:11","slug":"voip-comunicaciones-ip","status":"publish","type":"page","link":"http:\/\/www.redpro.net\/web2\/voip-comunicaciones-ip\/","title":{"rendered":"Comunicaciones IP"},"content":{"rendered":"<p>El futuro de las comunicaciones esta en las tecnolog\u00edas basadas en IP. Por lo tanto\u00a0RedPro ofrece un portafolio completo de soluciones para telefon\u00eda corporativa y video conferencia, con equipos de marcas l\u00edderes a nivel mundial.<\/p>\n<p><!--more--><\/p>\n\r\n\t\t<div class='et-simple-slider et_sliderfx_fade et_sliderauto_true et_sliderauto_speed_5000 et_slidertype_simple'>\r\n\t\t\t<div class='et-simple-slides'>\r\n\t\t\t\t<div class='et-tabs-content-wrapper'>\r\n\t\t\t\t\t<div class='et_slidecontent'>\r\n\t\t\t<p><img loading=\"lazy\" decoding=\"async\" class=\"aligncenter size-full wp-image-1163\" src=\"http:\/\/www.redpro.net\/web2\/wp-content\/uploads\/2015\/03\/VoIP1-web-banner1.png\" alt=\"VoIP1 web banner\" width=\"960\" height=\"200\" srcset=\"http:\/\/www.redpro.net\/web2\/wp-content\/uploads\/2015\/03\/VoIP1-web-banner1.png 960w, http:\/\/www.redpro.net\/web2\/wp-content\/uploads\/2015\/03\/VoIP1-web-banner1-300x63.png 300w, http:\/\/www.redpro.net\/web2\/wp-content\/uploads\/2015\/03\/VoIP1-web-banner1-220x46.png 220w, http:\/\/www.redpro.net\/web2\/wp-content\/uploads\/2015\/03\/VoIP1-web-banner1-187x39.png 187w, http:\/\/www.redpro.net\/web2\/wp-content\/uploads\/2015\/03\/VoIP1-web-banner1-453x94.png 453w\" sizes=\"auto, (max-width: 960px) 100vw, 960px\" \/><\/p>\r\n\t\t<\/div> \r\n\t\t<div class='et_slidecontent'>\r\n\t\t\t<p><img loading=\"lazy\" decoding=\"async\" class=\"aligncenter size-full wp-image-1157\" src=\"http:\/\/www.redpro.net\/web2\/wp-content\/uploads\/2015\/03\/VoIP2-web-banner1.png\" alt=\"VoIP2 web banner\" width=\"960\" height=\"200\" srcset=\"http:\/\/www.redpro.net\/web2\/wp-content\/uploads\/2015\/03\/VoIP2-web-banner1.png 960w, http:\/\/www.redpro.net\/web2\/wp-content\/uploads\/2015\/03\/VoIP2-web-banner1-300x63.png 300w, http:\/\/www.redpro.net\/web2\/wp-content\/uploads\/2015\/03\/VoIP2-web-banner1-220x46.png 220w, http:\/\/www.redpro.net\/web2\/wp-content\/uploads\/2015\/03\/VoIP2-web-banner1-187x39.png 187w, http:\/\/www.redpro.net\/web2\/wp-content\/uploads\/2015\/03\/VoIP2-web-banner1-453x94.png 453w\" sizes=\"auto, (max-width: 960px) 100vw, 960px\" \/><\/p>\r\n\t\t<\/div> \r\n\t\t<div class='et_slidecontent'>\r\n\t\t\t<p><img loading=\"lazy\" decoding=\"async\" class=\"aligncenter size-full wp-image-1161\" src=\"http:\/\/www.redpro.net\/web2\/wp-content\/uploads\/2015\/03\/VoIP3-web-banner1.png\" alt=\"VoIP3 web banner\" width=\"960\" height=\"200\" srcset=\"http:\/\/www.redpro.net\/web2\/wp-content\/uploads\/2015\/03\/VoIP3-web-banner1.png 960w, http:\/\/www.redpro.net\/web2\/wp-content\/uploads\/2015\/03\/VoIP3-web-banner1-300x63.png 300w, http:\/\/www.redpro.net\/web2\/wp-content\/uploads\/2015\/03\/VoIP3-web-banner1-220x46.png 220w, http:\/\/www.redpro.net\/web2\/wp-content\/uploads\/2015\/03\/VoIP3-web-banner1-187x39.png 187w, http:\/\/www.redpro.net\/web2\/wp-content\/uploads\/2015\/03\/VoIP3-web-banner1-453x94.png 453w\" sizes=\"auto, (max-width: 960px) 100vw, 960px\" \/><\/p>\r\n\t\t<\/div>\r\n\t\t\t\t<\/div>\r\n\t\t\t<\/div>\r\n\t\t<\/div> <!-- .et-simple-slider -->\r\n\t\t\n\r\n\t\t\t<div class='et-tabs-container et_sliderfx_fade et_sliderauto_false et_sliderauto_speed_5000 et_slidertype_top_tabs'>\r\n\t\t\t\t<ul class='et-tabs-control'>\r\n\t\t\t<li><a href='#'>\r\n\t\t\tCentrales IP\r\n\t\t<\/a><\/li> \r\n\t\t<li><a href='#'>\r\n\t\t\tTel\u00e9fonos IP\r\n\t\t<\/a><\/li> \r\n\t\t<li><a href='#'>\r\n\t\t\tAdaptadores Telef\u00f3nicos\r\n\t\t<\/a><\/li> \r\n\t\t<li><a href='#'>\r\n\t\t\tVideoconferencia\r\n\t\t<\/a><\/li>\r\n\t\t<li><a href='#'>\r\n\t\t\tBrochurs\r\n\t\t<\/a><\/li>\r\n\t\t<\/ul> <!-- .et-tabs-control --> \r\n\t\t<div class='et-tabs-content'>\r\n\t\t\t<div class='et-tabs-content-main-wrap'>\r\n\t\t\t\t<div class='et-tabs-content-wrapper'>\r\n\t\t\t\t\t<div class='et_slidecontent'>\r\n\t\t\t<div class='one_third'>\r\n\t\t\t\t\t<p><img loading=\"lazy\" decoding=\"async\" class=\"aligncenter wp-image-1255 size-full\" src=\"http:\/\/www.redpro.net\/web2\/wp-content\/uploads\/2015\/03\/Ip-pbx-1.png\" alt=\"Ip pbx 1\" width=\"400\" height=\"380\" srcset=\"http:\/\/www.redpro.net\/web2\/wp-content\/uploads\/2015\/03\/Ip-pbx-1.png 400w, http:\/\/www.redpro.net\/web2\/wp-content\/uploads\/2015\/03\/Ip-pbx-1-300x285.png 300w, http:\/\/www.redpro.net\/web2\/wp-content\/uploads\/2015\/03\/Ip-pbx-1-220x209.png 220w, http:\/\/www.redpro.net\/web2\/wp-content\/uploads\/2015\/03\/Ip-pbx-1-187x178.png 187w\" sizes=\"auto, (max-width: 400px) 100vw, 400px\" \/><\/p>\r\n\t\t\t\t<\/div>\n<div class='two_third last'>\r\n\t\t\t\t\t<p>RedPro ofrece centrales telef\u00f3nicas IP (IP PBX) que combinan los beneficios de la tecnolog\u00eda de codigo abierto (Open Source) y hardware robusto, para garantizar sistemas telef\u00f3nicos completos, econ\u00f3micos y confiables. Por tal raz\u00f3n, estos sistemas son superiores a cualquier soluci\u00f3n propietaria, ya que disminuyen la inversi\u00f3n de capital y los costos operacionales, ofreciendo un mayor retorno a su inversi\u00f3n.<\/p>\n<p>La Centrales IP son interoperables con cualquier tel\u00e9fono, hardware o servicio que utilice la tecnolog\u00eda VoIP y el protocolo SIP. Tambi\u00e9n se pueden interconectar lineas tradicionales de cobre y troncales digitales.<\/p>\n<p>Cada soluci\u00f3n esta garantizada para el alto desempe\u00f1o, ya que integra equipos de \u00faltima generaci\u00f3n, certificados para correr aplicaciones de telefon\u00eda. Adem\u00e1s cuentan con el soporte t\u00e9cnico, asesor\u00eda y experiencia de profesionales de las comunicaciones IP, lo cual asegura una soluci\u00f3n de gran rendimiento.<\/p>\r\n\t\t\t\t<\/div><div class='clear'><\/div>\n<div class='one_half'>\r\n\t\t\t\t\t<p>A continuaci\u00f3n algunas de las funciones principales:<\/p>\n\r\n\t\t<div class='et-custom-list etlist-check'>\r\n\t\t\t<ul>\n<ul>\n<li>Operadora Autom\u00e1tica<\/li>\n<li>N\u00famero externo personal (DID)<\/li>\n<li>Interfaces de Telefon\u00eda (an\u00e1loga y digital)<\/li>\n<li>SIP Trunks | Troncales VoIP<\/li>\n<li>Buz\u00f3n de voz y fax integrados al email<\/li>\n<li>M\u00fasica en Espera<\/li>\n<li>Soporta los tel\u00e9fonos IP y an\u00e1logos de los principales fabricantes<\/li>\n<li>Desv\u00edo de Llamadas<\/li>\n<li>Conexi\u00f3n privada entre\u00a0oficinas en localidades diferentes<\/li>\n<li>Colas de llamadas\u00a0(ACD\/IVR)<\/li>\n<li>Grabaci\u00f3n de llamadas<\/li>\n<\/ul>\n<\/ul>\r\n\t\t<\/div> <!-- .et-custom-list -->\r\n\t\t\t\t<\/div>\n<div class='one_half last'>\r\n\t\t\t\t\t<p><img loading=\"lazy\" decoding=\"async\" class=\"aligncenter size-full wp-image-1259\" src=\"http:\/\/www.redpro.net\/web2\/wp-content\/uploads\/2015\/03\/Ip-pbx-2.png\" alt=\"Ip pbx 2\" width=\"400\" height=\"380\" srcset=\"http:\/\/www.redpro.net\/web2\/wp-content\/uploads\/2015\/03\/Ip-pbx-2.png 400w, http:\/\/www.redpro.net\/web2\/wp-content\/uploads\/2015\/03\/Ip-pbx-2-300x285.png 300w, http:\/\/www.redpro.net\/web2\/wp-content\/uploads\/2015\/03\/Ip-pbx-2-220x209.png 220w, http:\/\/www.redpro.net\/web2\/wp-content\/uploads\/2015\/03\/Ip-pbx-2-187x178.png 187w\" sizes=\"auto, (max-width: 400px) 100vw, 400px\" \/><\/p>\r\n\t\t\t\t<\/div><div class='clear'><\/div>\r\n\t\t<\/div> \r\n\t\t<div class='et_slidecontent'>\r\n\t\t\t<div class='one_half'>\r\n\t\t\t\t\t<p>Uno de los principales dispositivos de la plataforma VoIP es el tel\u00e9fono IP, el cual es un dispositivo completamente digital que se conecta con las centrales telef\u00f3nicas utilizando la red de datos y el protocolo SIP.<\/p>\n<p align=\"LEFT\">Redpro ofrece una amplia gama de terminales para cubrir diferentes escenarios de comunicaci\u00f3n.<\/p>\n<p align=\"LEFT\">Los modelos b\u00e1sicos para comunicaci\u00f3n corporativa, cumplen con los requerimientos m\u00e1s importantes de la telefon\u00eda IP garantizando comunicaciones claras y de alta calidad.<\/p>\n<p align=\"LEFT\">Los modelos intermedios y\u00a0 avanzados tienen funciones adicionales como pantallas LCD, directorio telef\u00f3nico, indicadores LEDs, pantallas t\u00e1ctiles y mucho m\u00e1s.<\/p>\n<p align=\"LEFT\">\r\n\t\t\t\t<\/div>\n<p align=\"LEFT\"><div class='one_half last'>\r\n\t\t\t\t\t<p align=\"LEFT\"><img loading=\"lazy\" decoding=\"async\" class=\"aligncenter wp-image-1189 size-full\" src=\"http:\/\/www.redpro.net\/web2\/wp-content\/uploads\/2015\/03\/snom_Product-page_D725_features_neu.png\" alt=\"snom_Product-page_D725_features_neu\" width=\"490\" height=\"276\" srcset=\"http:\/\/www.redpro.net\/web2\/wp-content\/uploads\/2015\/03\/snom_Product-page_D725_features_neu.png 490w, http:\/\/www.redpro.net\/web2\/wp-content\/uploads\/2015\/03\/snom_Product-page_D725_features_neu-300x169.png 300w, http:\/\/www.redpro.net\/web2\/wp-content\/uploads\/2015\/03\/snom_Product-page_D725_features_neu-220x124.png 220w, http:\/\/www.redpro.net\/web2\/wp-content\/uploads\/2015\/03\/snom_Product-page_D725_features_neu-187x105.png 187w, http:\/\/www.redpro.net\/web2\/wp-content\/uploads\/2015\/03\/snom_Product-page_D725_features_neu-453x255.png 453w\" sizes=\"auto, (max-width: 490px) 100vw, 490px\" \/><\/p>\n<p align=\"LEFT\">\r\n\t\t\t\t<\/div><div class='clear'><\/div><\/p>\n<div class='one_half'>\r\n\t\t\t\t\t<p><img loading=\"lazy\" decoding=\"async\" class=\"aligncenter wp-image-1250 size-full\" src=\"http:\/\/www.redpro.net\/web2\/wp-content\/uploads\/2015\/03\/Ip-phones-tab-image.png\" alt=\"Ip phones tab image\" width=\"600\" height=\"270\" srcset=\"http:\/\/www.redpro.net\/web2\/wp-content\/uploads\/2015\/03\/Ip-phones-tab-image.png 600w, http:\/\/www.redpro.net\/web2\/wp-content\/uploads\/2015\/03\/Ip-phones-tab-image-300x135.png 300w, http:\/\/www.redpro.net\/web2\/wp-content\/uploads\/2015\/03\/Ip-phones-tab-image-220x99.png 220w, http:\/\/www.redpro.net\/web2\/wp-content\/uploads\/2015\/03\/Ip-phones-tab-image-187x84.png 187w, http:\/\/www.redpro.net\/web2\/wp-content\/uploads\/2015\/03\/Ip-phones-tab-image-453x204.png 453w\" sizes=\"auto, (max-width: 600px) 100vw, 600px\" \/><\/p>\r\n\t\t\t\t<\/div>\n<div class='one_half last'>\r\n\t\t\t\t\t<div class='et-custom-list etlist-check'>\r\n\t\t\t<ul>\n<li>Funci\u00f3n de altavoz<\/li>\n<li>Audio de alta calidad 100% digital<\/li>\n<li>Directorio telef\u00f3nico<\/li>\n<li>Desde 1 hasta 6 cuentas SIP<\/li>\n<li>Varias opciones de pantalla blanco y negro, colores y t\u00e1ctil<\/li>\n<li>Diferentes opciones de teclas e indicadores LED configurables<\/li>\n<li>Opci\u00f3n de alimentaci\u00f3n de energ\u00eda con el mismo cable de red (POE)<\/li>\n<\/ul>\r\n\t\t<\/div> <!-- .et-custom-list -->\r\n\t\t\t\t<\/div><div class='clear'><\/div>\r\n\t\t<\/div><\/p>\n\r\n\t\t<div class='et_slidecontent'>\r\n\t\t\t<div class='one_half'>\r\n\t\t\t\t\t<p>Los adaptadores tel\u00e9fonicos son dispositivos que permiten conectar tel\u00e9fonos an\u00e1logos o lineas tradicionales a los sistemas de telefon\u00eda IP de \u00faltima generaci\u00f3n.<\/p>\n<p>Utilizando estas terminales, los usuarios pueden hacer una migraci\u00f3n programada sin tener que descartar por completo los equipos tradicionales con los que ya cuentan. De esta manera, pueden beneficiarse de los avances y funcionalidades de la tecnolog\u00eda IP sin realizar grandes inversiones.<\/p>\n<p>Otra ventaja importante es que permiten hacer varias conexiones a la red telef\u00f3nica p\u00fablica, con operadores de diversas tecnolog\u00edas, ya sea lineas tradicionales de cobre, puertos digitales TDM (E1) y troncales SIP.<\/p>\r\n\t\t\t\t<\/div>\n<div class='one_half last'>\r\n\t\t\t\t\t<p><img loading=\"lazy\" decoding=\"async\" class=\"aligncenter size-full wp-image-1265\" src=\"http:\/\/www.redpro.net\/web2\/wp-content\/uploads\/2015\/03\/ATAs-tab-image.png\" alt=\"ATAs tab image\" width=\"400\" height=\"270\" srcset=\"http:\/\/www.redpro.net\/web2\/wp-content\/uploads\/2015\/03\/ATAs-tab-image.png 400w, http:\/\/www.redpro.net\/web2\/wp-content\/uploads\/2015\/03\/ATAs-tab-image-300x203.png 300w, http:\/\/www.redpro.net\/web2\/wp-content\/uploads\/2015\/03\/ATAs-tab-image-220x149.png 220w, http:\/\/www.redpro.net\/web2\/wp-content\/uploads\/2015\/03\/ATAs-tab-image-187x126.png 187w, http:\/\/www.redpro.net\/web2\/wp-content\/uploads\/2015\/03\/ATAs-tab-image-140x94.png 140w\" sizes=\"auto, (max-width: 400px) 100vw, 400px\" \/><\/p>\r\n\t\t\t\t<\/div><div class='clear'><\/div>\r\n\t\t<\/div>\n\r\n\t\t<div class='et_slidecontent'>\r\n\t\t\t<p>Los sistemas de video conferencia permiten a las organizaciones realizar juntas en tiempo real, ahorrando recursos y\u00a0 costos de traslado.<\/p>\n<p>Los equipos se conectan por medio de enlances de datos IP o conexiones de internet, utilizando protocolo SIP lo que permite soluciones abiertas que facilmente pueden integrarse con dispositivos de varios fabricantes.<\/p>\n<div class='one_half'>\r\n\t\t\t\t\t<p>Algunos modelos pueden integrar comunicaciones v\u00eda Skype y Google Hangout, conectando a usuarios remotos que utilicen computadoras personales, tablets o tel\u00e9fonos moviles. Esto representa un gran avance ya que las video conferencias no se limitan a una sala de juntas o a la instalaci\u00f3n de equipos costosos en cada zona geogr\u00e1fica.<\/p>\n<p>El enfoque de la soluci\u00f3n es conectar a la gente en el momento preciso, de la forma m\u00e1s pr\u00e1ctica y econ\u00f3mica posible. As\u00edmismo, la integraci\u00f3n de diferentes medios y tecnolog\u00edas disponibles en la actualidad.<\/p>\r\n\t\t\t\t<\/div>\n<div class='one_half last'>\r\n\t\t\t\t\t<p><img loading=\"lazy\" decoding=\"async\" class=\"aligncenter size-full wp-image-1271\" src=\"http:\/\/www.redpro.net\/web2\/wp-content\/uploads\/2015\/03\/Grandstream-GXV3200.png\" alt=\"Grandstream GXV3200\" width=\"590\" height=\"272\" srcset=\"http:\/\/www.redpro.net\/web2\/wp-content\/uploads\/2015\/03\/Grandstream-GXV3200.png 590w, http:\/\/www.redpro.net\/web2\/wp-content\/uploads\/2015\/03\/Grandstream-GXV3200-300x138.png 300w, http:\/\/www.redpro.net\/web2\/wp-content\/uploads\/2015\/03\/Grandstream-GXV3200-220x101.png 220w, http:\/\/www.redpro.net\/web2\/wp-content\/uploads\/2015\/03\/Grandstream-GXV3200-187x86.png 187w, http:\/\/www.redpro.net\/web2\/wp-content\/uploads\/2015\/03\/Grandstream-GXV3200-453x209.png 453w\" sizes=\"auto, (max-width: 590px) 100vw, 590px\" \/><\/p>\r\n\t\t\t\t<\/div><div class='clear'><\/div>\n<div class='one_half'>\r\n\t\t\t\t\t<p><img loading=\"lazy\" decoding=\"async\" class=\"aligncenter size-full wp-image-1279\" src=\"http:\/\/www.redpro.net\/web2\/wp-content\/uploads\/2015\/03\/YEalink-VC120_s1-00454219627.jpg\" alt=\"YEalink VC120_s(1)-00454219627\" width=\"504\" height=\"504\" srcset=\"http:\/\/www.redpro.net\/web2\/wp-content\/uploads\/2015\/03\/YEalink-VC120_s1-00454219627.jpg 504w, http:\/\/www.redpro.net\/web2\/wp-content\/uploads\/2015\/03\/YEalink-VC120_s1-00454219627-150x150.jpg 150w, http:\/\/www.redpro.net\/web2\/wp-content\/uploads\/2015\/03\/YEalink-VC120_s1-00454219627-300x300.jpg 300w, http:\/\/www.redpro.net\/web2\/wp-content\/uploads\/2015\/03\/YEalink-VC120_s1-00454219627-220x220.jpg 220w, http:\/\/www.redpro.net\/web2\/wp-content\/uploads\/2015\/03\/YEalink-VC120_s1-00454219627-75x75.jpg 75w, http:\/\/www.redpro.net\/web2\/wp-content\/uploads\/2015\/03\/YEalink-VC120_s1-00454219627-187x187.jpg 187w, http:\/\/www.redpro.net\/web2\/wp-content\/uploads\/2015\/03\/YEalink-VC120_s1-00454219627-453x453.jpg 453w, http:\/\/www.redpro.net\/web2\/wp-content\/uploads\/2015\/03\/YEalink-VC120_s1-00454219627-184x184.jpg 184w\" sizes=\"auto, (max-width: 504px) 100vw, 504px\" \/><\/p>\r\n\t\t\t\t<\/div>\n<div class='one_half last'>\r\n\t\t\t\t\t<p>Los avances de la tecnolog\u00eda permiten la transmisi\u00f3n de video con imagenes HD seg\u00fan la disponibilidad de ancho de banda. Una sala de juntas puede ser acondicionada con sistemas que incluyen una c\u00e1mara HD con capacidad de acercamiento (zoom) y movimiento, un micr\u00f3fono alta voz y conexiones VGA y HDMI para pantallas o televisores LCD.<\/p>\n<p>Entre algunas caracter\u00edsticas principales podemos mencionar:<\/p>\n\r\n\t\t<div class='et-custom-list etlist-check'>\r\n\t\t\t<ul>\n<li>Imagenes con calidad HD 720p y 1080p<\/li>\n<li>Audio de alta calidad 100% digital<\/li>\n<li>Micr\u00f3fono de mesa con altavoz onmidireccional<\/li>\n<li>Puertos de conexi\u00f3n VGA y HDMI para una o varias pantallas<\/li>\n<li>Capacidad para compartir la pantalla de una PC para facilitar presentaciones<\/li>\n<li>Algunos equipos permiten integraci\u00f3n con Skype y Google Hangouts<\/li>\n<li>Comunicaciones multisitio en tiempo real<\/li>\n<\/ul>\r\n\t\t<\/div> <!-- .et-custom-list -->\n<p>&nbsp;<\/p>\r\n\t\t\t\t<\/div><div class='clear'><\/div>\r\n\t\t<\/div>\n\r\n\t\t<div class='et_slidecontent'>\r\n\t\t\t<p>Para descargar informaci\u00f3n del producto haga click en el siguiente bot\u00f3n:<\/p>\n<a href='http:\/\/www.redpro.net\/descargas\/PBX_Grandstream_Brochur_Redpro.pdf' class='icon-button download-icon'>PBX IP Grandstream<span class='et-icon'><\/span><\/a>\n<p>Si desea m\u00e1s informaci\u00f3n o necesita cotizar el producto, puede contactarnos haciendo click <a title=\"Contacto\" href=\"http:\/\/www.redpro.net\/web2\/contacto\/\">aqu\u00ed<\/a><\/p>\r\n\t\t<\/div>\r\n\t\t\t\t<\/div>\r\n\t\t\t<\/div>\r\n\t\t<\/div>\r\n\t\t\t<\/div> <!-- .et-tabs-container -->\n","protected":false},"excerpt":{"rendered":"<p>El futuro de las comunicaciones esta en las tecnolog\u00edas basadas en IP. Por lo tanto\u00a0RedPro ofrece un portafolio completo de soluciones para telefon\u00eda corporativa y video conferencia, con equipos de marcas l\u00edderes a nivel mundial.<\/p>\n","protected":false},"author":2,"featured_media":1168,"parent":0,"menu_order":3,"comment_status":"open","ping_status":"open","template":"page-full.php","meta":{"footnotes":""},"class_list":["post-906","page","type-page","status-publish","has-post-thumbnail","hentry"],"_links":{"self":[{"href":"http:\/\/www.redpro.net\/web2\/wp-json\/wp\/v2\/pages\/906","targetHints":{"allow":["GET"]}}],"collection":[{"href":"http:\/\/www.redpro.net\/web2\/wp-json\/wp\/v2\/pages"}],"about":[{"href":"http:\/\/www.redpro.net\/web2\/wp-json\/wp\/v2\/types\/page"}],"author":[{"embeddable":true,"href":"http:\/\/www.redpro.net\/web2\/wp-json\/wp\/v2\/users\/2"}],"replies":[{"embeddable":true,"href":"http:\/\/www.redpro.net\/web2\/wp-json\/wp\/v2\/comments?post=906"}],"version-history":[{"count":114,"href":"http:\/\/www.redpro.net\/web2\/wp-json\/wp\/v2\/pages\/906\/revisions"}],"predecessor-version":[{"id":1440,"href":"http:\/\/www.redpro.net\/web2\/wp-json\/wp\/v2\/pages\/906\/revisions\/1440"}],"wp:featuredmedia":[{"embeddable":true,"href":"http:\/\/www.redpro.net\/web2\/wp-json\/wp\/v2\/media\/1168"}],"wp:attachment":[{"href":"http:\/\/www.redpro.net\/web2\/wp-json\/wp\/v2\/media?parent=906"}],"curies":[{"name":"wp","href":"https:\/\/api.w.org\/{rel}","templated":true}]}}